{"id":307,"date":"2022-07-12T23:14:41","date_gmt":"2022-07-13T03:14:41","guid":{"rendered":"https:\/\/mercierracingsaws.com\/?page_id=307"},"modified":"2022-07-14T22:25:50","modified_gmt":"2022-07-15T02:25:50","slug":"lames-de-sciotte","status":"publish","type":"page","link":"https:\/\/mercierracingsaws.com\/?page_id=307&lang=fr","title":{"rendered":"Lames de sciotte"},"content":{"rendered":"\n<h2 class=\"wp-block-heading\">Lames de sciotte<\/h2>\n\n\n\n<p>Les lames de sciottes que nous fabriquons r\u00e9pondront \u00e0 vos besoins.<br>Nos 2 mod\u00e8les, \u00e0 2 et 4 dents sont extr\u00eamement performantes..<br>Nous pouvons aussi pr\u00e9parer des lames de compagnies.<br>Leur longueur est de 36&#8243; ou 42&#8243;.<\/p>\n\n\n\n<figure class=\"wp-block-image size-large is-resized is-style-rounded\"><img loading=\"lazy\" decoding=\"async\" src=\"https:\/\/mercierracingsaws.com\/wp-content\/uploads\/2022\/07\/s_custom-scaled-e1657595560797-850x1024.jpg\" alt=\"\" class=\"wp-image-197\" width=\"425\" height=\"512\" srcset=\"https:\/\/mercierracingsaws.com\/wp-content\/uploads\/2022\/07\/s_custom-scaled-e1657595560797-850x1024.jpg 850w, https:\/\/mercierracingsaws.com\/wp-content\/uploads\/2022\/07\/s_custom-scaled-e1657595560797-249x300.jpg 249w, https:\/\/mercierracingsaws.com\/wp-content\/uploads\/2022\/07\/s_custom-scaled-e1657595560797-768x926.jpg 768w, https:\/\/mercierracingsaws.com\/wp-content\/uploads\/2022\/07\/s_custom-scaled-e1657595560797.jpg 998w\" sizes=\"auto, (max-width: 425px) 100vw, 425px\" \/><\/figure>\n\n\n\n<p>2 dents- Le mod\u00e8le le plus performant en comp\u00e9tition<br>\u2b50\u2b50\u2b50\u2b50 : Co\u00fbt<br>\u2b50\u2b50\u2b50\u2b50\u2b50 : Technique requise pour des performances optimales<br>\u2b50\u2b50\u2b50\u2b50\u2b50 : Performance<\/p>\n\n\n\n<p>4 dents- Pour les clubs 4H ou comme excellente lame d&#8217;entrainement<br>\u2b50\u2b50\u2b50 : Co\u00fbt<br>\u2b50\u2b50\u2b50 : Technique requise pour des performances optimales<br>\u2b50\u2b50\u2b50\u2b50 : Performance<br><br><\/p>\n\n\n\n<figure class=\"wp-block-image size-large is-resized is-style-rounded\"><img loading=\"lazy\" decoding=\"async\" src=\"https:\/\/mercierracingsaws.com\/wp-content\/uploads\/2022\/07\/s_cie-e1657596829438-868x1024.jpg\" alt=\"\" class=\"wp-image-200\" width=\"434\" height=\"512\" srcset=\"https:\/\/mercierracingsaws.com\/wp-content\/uploads\/2022\/07\/s_cie-e1657596829438-868x1024.jpg 868w, https:\/\/mercierracingsaws.com\/wp-content\/uploads\/2022\/07\/s_cie-e1657596829438-254x300.jpg 254w, https:\/\/mercierracingsaws.com\/wp-content\/uploads\/2022\/07\/s_cie-e1657596829438-768x906.jpg 768w, https:\/\/mercierracingsaws.com\/wp-content\/uploads\/2022\/07\/s_cie-e1657596829438-1302x1536.jpg 1302w, https:\/\/mercierracingsaws.com\/wp-content\/uploads\/2022\/07\/s_cie-e1657596829438.jpg 1440w\" sizes=\"auto, (max-width: 434px) 100vw, 434px\" \/><\/figure>\n\n\n\n<p>Nous avons en mains plusieurs lames de compagnies pr\u00eates \u00e0 \u00eatre aiguis\u00e9es.<br>Elle font d&#8217;excellentes lames de pratique.<br><\/p>\n","protected":false},"excerpt":{"rendered":"<p>Lames de sciotte Les lames de sciottes que nous fabriquons r\u00e9pondront \u00e0 vos besoins.Nos 2 mod\u00e8les, \u00e0 2 et 4 dents sont extr\u00eamement performantes..Nous pouvons aussi pr\u00e9parer des lames de compagnies.Leur longueur est de 36&#8243; ou 42&#8243;. 2 dents- Le mod\u00e8le le plus performant en comp\u00e9tition\u2b50\u2b50\u2b50\u2b50 : Co\u00fbt\u2b50\u2b50\u2b50\u2b50\u2b50 : Technique requise pour des performances optimales\u2b50\u2b50\u2b50\u2b50\u2b50 [&hellip;]<\/p>\n","protected":false},"author":1,"featured_media":0,"parent":0,"menu_order":0,"comment_status":"closed","ping_status":"closed","template":"","meta":{"iawp_total_views":95,"footnotes":""},"class_list":["post-307","page","type-page","status-publish","hentry"],"_links":{"self":[{"href":"https:\/\/mercierracingsaws.com\/index.php?rest_route=\/wp\/v2\/pages\/307","targetHints":{"allow":["GET"]}}],"collection":[{"href":"https:\/\/mercierracingsaws.com\/index.php?rest_route=\/wp\/v2\/pages"}],"about":[{"href":"https:\/\/mercierracingsaws.com\/index.php?rest_route=\/wp\/v2\/types\/page"}],"author":[{"embeddable":true,"href":"https:\/\/mercierracingsaws.com\/index.php?rest_route=\/wp\/v2\/users\/1"}],"replies":[{"embeddable":true,"href":"https:\/\/mercierracingsaws.com\/index.php?rest_route=%2Fwp%2Fv2%2Fcomments&post=307"}],"version-history":[{"count":4,"href":"https:\/\/mercierracingsaws.com\/index.php?rest_route=\/wp\/v2\/pages\/307\/revisions"}],"predecessor-version":[{"id":364,"href":"https:\/\/mercierracingsaws.com\/index.php?rest_route=\/wp\/v2\/pages\/307\/revisions\/364"}],"wp:attachment":[{"href":"https:\/\/mercierracingsaws.com\/index.php?rest_route=%2Fwp%2Fv2%2Fmedia&parent=307"}],"curies":[{"name":"wp","href":"https:\/\/api.w.org\/{rel}","templated":true}]}}