{"id":295,"date":"2022-07-12T23:05:25","date_gmt":"2022-07-13T03:05:25","guid":{"rendered":"https:\/\/mercierracingsaws.com\/?page_id=295"},"modified":"2022-07-14T22:30:40","modified_gmt":"2022-07-15T02:30:40","slug":"a-propos","status":"publish","type":"page","link":"https:\/\/mercierracingsaws.com\/?page_id=295&lang=fr","title":{"rendered":"\u00c0 propos"},"content":{"rendered":"\n<h2 class=\"wp-block-heading\">\u00c0 propos<\/h2>\n\n\n<div class=\"wp-block-image\">\n<figure class=\"alignleft size-full is-resized\"><img loading=\"lazy\" decoding=\"async\" src=\"https:\/\/mercierracingsaws.com\/wp-content\/uploads\/2022\/07\/jp01.png\" alt=\"\" class=\"wp-image-243\" width=\"253\" height=\"450\" srcset=\"https:\/\/mercierracingsaws.com\/wp-content\/uploads\/2022\/07\/jp01.png 337w, https:\/\/mercierracingsaws.com\/wp-content\/uploads\/2022\/07\/jp01-169x300.png 169w\" sizes=\"auto, (max-width: 253px) 100vw, 253px\" \/><figcaption>JP r\u00e9parant une scie sur sa table portable<\/figcaption><\/figure>\n<\/div>\n\n\n<p>JP Mercier est impliqu\u00e9 dans les sports de b\u00fbcheron depuis longtemps. Le p\u00e8re de J-P, Napol\u00e9on Mercier, poss\u00e8de un petit atelier de moteurs au Qu\u00e9bec, et en travaillant avec son p\u00e8re, J-P a accumul\u00e9 beaucoup d\u2019exp\u00e9rience dans la r\u00e9paration de scies \u00e0 cha\u00eene et de tous les petits moteurs. J-P a poursuivi ses \u00e9tudes apr\u00e8s le lyc\u00e9e et a obtenu un dipl\u00f4me en \u00e9lectronique. Il a ensuite travaill\u00e9 19 ans pour une entreprise canadienne sp\u00e9cialis\u00e9e dans les microfilms et l\u2019\u00e9quipement de manutention du courrier.<\/p>\n\n\n\n<p>En 1973, J-P d\u00e9cide de suivre les traces de son p\u00e8re et de devenir un comp\u00e9titeur b\u00fbcheron. Son p\u00e8re, Napol\u00e9on, avait la r\u00e9putation d\u2019\u00eatre l\u2019un des meilleurs d\u00e9posants dans les ann\u00e9es 1970. En 1986, J-P a d\u00e9cid\u00e9 qu\u2019il construirait sa propre scie transversale. Son p\u00e8re Napol\u00e9on et Richard Slingerland de l\u2019\u00c9tat de New York ont donn\u00e9 \u00e0 J-P les informations n\u00e9cessaires pour commencer son entreprise. Richard Slingerland a \u00e9t\u00e9 le premier homme \u00e0 construire des scies \u00e0 cheville et \u00e0 r\u00e2teau modernes qui \u00e9taient comp\u00e9titives avec les scies \u00e0 dents en m traversant l\u2019oc\u00e9an Pacifique. Richard est bien connu comme le p\u00e8re de la scie de course moderne de piquets et de r\u00e2teaux. En 1994, J-P et son \u00e9pouse Sylvie ont remport\u00e9 le titre Jack &amp; Jill Word \u00e0 la Pacific National Exhibition qui s\u2019est tenue \u00e0 Vancouver, en Colombie-Britannique. En 1995, J-P et Napoleon ont remport\u00e9 l\u2019\u00e9preuve du championnat du monde \u00e0 double dollar lors de ce m\u00eame spectacle, battant le pr\u00e9c\u00e9dent record de pin blanc occidental de 24 pouces de 13,47 secondes de plus de 2 secondes avec un temps de 11,18 secondes. J-P et Napoleon remportent \u00e0 nouveau les championnats du monde en 1996. En 1997, J-P s\u2019est associ\u00e9 \u00e0 Dennis Daun de Round Lake Illinois et a \u00e9tabli un nouveau record en bois de coton de 24 pouces avec un temps de 11,78 secondes. En 1997, J-P et Dennis ont remport\u00e9 toutes les comp\u00e9titions majeures auxquelles ils ont particip\u00e9 en Am\u00e9rique du Nord, y compris le Championnat du monde \u00e0 Hayward Wisconsin.<\/p>\n\n\n\n<p>Avec autant de victoires \u00e0 son actif, il n\u2019a pas fallu longtemps avant que les concurrents demandent \u00e0 J-P de leur construire des scies. Il y avait une telle demande pour Les scies Mercier Racing qu\u2019en 1998, J-P a d\u00e9cid\u00e9 de quitter son emploi et de commencer \u00e0 fabriquer et \u00e0 r\u00e9parer des scies \u00e0 temps plein. En 1998, Rick et Penny Halvorson ont remport\u00e9 le championnat du monde Jack&amp;Jill, et Rick, avec son partenaire Jeff Crago, a remport\u00e9 le championnat du monde Two Man. Les scies Mercier Racing ont \u00e9t\u00e9 utilis\u00e9es dans ces deux coupes de nouveau record du monde. En 1999, Dave Jewett a remport\u00e9 son premier championnat du monde de single bucking avec un temps record incroyable de 12,67 secondes pour couper un pin blanc de 20 pouces. La scie qu\u2019il a utilis\u00e9e et qu\u2019il continue d\u2019utiliser ? Une scie de course J-P Mercier !<\/p>\n","protected":false},"excerpt":{"rendered":"<p>\u00c0 propos JP Mercier est impliqu\u00e9 dans les sports de b\u00fbcheron depuis longtemps. Le p\u00e8re de J-P, Napol\u00e9on Mercier, poss\u00e8de un petit atelier de moteurs au Qu\u00e9bec, et en travaillant avec son p\u00e8re, J-P a accumul\u00e9 beaucoup d\u2019exp\u00e9rience dans la r\u00e9paration de scies \u00e0 cha\u00eene et de tous les petits moteurs. J-P a poursuivi ses [&hellip;]<\/p>\n","protected":false},"author":1,"featured_media":0,"parent":0,"menu_order":0,"comment_status":"closed","ping_status":"closed","template":"","meta":{"iawp_total_views":91,"footnotes":""},"class_list":["post-295","page","type-page","status-publish","hentry"],"_links":{"self":[{"href":"https:\/\/mercierracingsaws.com\/index.php?rest_route=\/wp\/v2\/pages\/295","targetHints":{"allow":["GET"]}}],"collection":[{"href":"https:\/\/mercierracingsaws.com\/index.php?rest_route=\/wp\/v2\/pages"}],"about":[{"href":"https:\/\/mercierracingsaws.com\/index.php?rest_route=\/wp\/v2\/types\/page"}],"author":[{"embeddable":true,"href":"https:\/\/mercierracingsaws.com\/index.php?rest_route=\/wp\/v2\/users\/1"}],"replies":[{"embeddable":true,"href":"https:\/\/mercierracingsaws.com\/index.php?rest_route=%2Fwp%2Fv2%2Fcomments&post=295"}],"version-history":[{"count":2,"href":"https:\/\/mercierracingsaws.com\/index.php?rest_route=\/wp\/v2\/pages\/295\/revisions"}],"predecessor-version":[{"id":367,"href":"https:\/\/mercierracingsaws.com\/index.php?rest_route=\/wp\/v2\/pages\/295\/revisions\/367"}],"wp:attachment":[{"href":"https:\/\/mercierracingsaws.com\/index.php?rest_route=%2Fwp%2Fv2%2Fmedia&parent=295"}],"curies":[{"name":"wp","href":"https:\/\/api.w.org\/{rel}","templated":true}]}}